{"id":2947,"date":"2020-06-09T14:37:49","date_gmt":"2020-06-09T12:37:49","guid":{"rendered":"https:\/\/marie-morin.fr\/notre-savoir-faire\/"},"modified":"2024-07-11T16:52:32","modified_gmt":"2024-07-11T14:52:32","slug":"notre-savoir-faire","status":"publish","type":"page","link":"https:\/\/marie-morin.fr\/en\/notre-savoir-faire\/","title":{"rendered":"Know-How"},"content":{"rendered":"","protected":false},"excerpt":{"rendered":"","protected":false},"author":1,"featured_media":0,"parent":0,"menu_order":0,"comment_status":"closed","ping_status":"closed","template":"templates\/notre-savoir-faire.php","meta":{"_acf_changed":false,"footnotes":""},"class_list":["post-2947","page","type-page","status-publish","hentry"],"acf":[],"yoast_head":"<!-- This site is optimized with the Yoast SEO plugin v27.2 - https:\/\/yoast.com\/product\/yoast-seo-wordpress\/ -->\n<title>Know-How - Marie Morin<\/title>\n<meta name=\"description\" content=\"Le savoir-faire artisanal de Marie Morin : liste d&#039;ingr\u00e9dients courte, respect des produits et un esprit cr\u00e9atif. Pour une cuisine simple, intemporelle et de qualit\u00e9.\" \/>\n<meta name=\"robots\" content=\"index, follow, max-snippet:-1, max-image-preview:large, max-video-preview:-1\" \/>\n<link rel=\"canonical\" href=\"https:\/\/marie-morin.fr\/en\/notre-savoir-faire\/\" \/>\n<meta property=\"og:locale\" content=\"en_US\" \/>\n<meta property=\"og:type\" content=\"article\" \/>\n<meta property=\"og:title\" content=\"Know-How - Marie Morin\" \/>\n<meta property=\"og:description\" content=\"Le savoir-faire artisanal de Marie Morin : liste d&#039;ingr\u00e9dients courte, respect des produits et un esprit cr\u00e9atif. Pour une cuisine simple, intemporelle et de qualit\u00e9.\" \/>\n<meta property=\"og:url\" content=\"https:\/\/marie-morin.fr\/en\/notre-savoir-faire\/\" \/>\n<meta property=\"og:site_name\" content=\"Marie Morin\" \/>\n<meta property=\"article:modified_time\" content=\"2024-07-11T14:52:32+00:00\" \/>\n<meta name=\"twitter:card\" content=\"summary_large_image\" \/>\n<script type=\"application\/ld+json\" class=\"yoast-schema-graph\">{\"@context\":\"https:\/\/schema.org\",\"@graph\":[{\"@type\":\"WebPage\",\"@id\":\"https:\/\/marie-morin.fr\/en\/notre-savoir-faire\/\",\"url\":\"https:\/\/marie-morin.fr\/en\/notre-savoir-faire\/\",\"name\":\"Know-How - Marie Morin\",\"isPartOf\":{\"@id\":\"https:\/\/marie-morin.fr\/#website\"},\"datePublished\":\"2020-06-09T12:37:49+00:00\",\"dateModified\":\"2024-07-11T14:52:32+00:00\",\"description\":\"Le savoir-faire artisanal de Marie Morin : liste d'ingr\u00e9dients courte, respect des produits et un esprit cr\u00e9atif. Pour une cuisine simple, intemporelle et de qualit\u00e9.\",\"breadcrumb\":{\"@id\":\"https:\/\/marie-morin.fr\/en\/notre-savoir-faire\/#breadcrumb\"},\"inLanguage\":\"en-US\",\"potentialAction\":[{\"@type\":\"ReadAction\",\"target\":[\"https:\/\/marie-morin.fr\/en\/notre-savoir-faire\/\"]}]},{\"@type\":\"BreadcrumbList\",\"@id\":\"https:\/\/marie-morin.fr\/en\/notre-savoir-faire\/#breadcrumb\",\"itemListElement\":[{\"@type\":\"ListItem\",\"position\":1,\"name\":\"Home\",\"item\":\"https:\/\/marie-morin.fr\/en\/\"},{\"@type\":\"ListItem\",\"position\":2,\"name\":\"Know-How\"}]},{\"@type\":\"WebSite\",\"@id\":\"https:\/\/marie-morin.fr\/#website\",\"url\":\"https:\/\/marie-morin.fr\/\",\"name\":\"Marie Morin\",\"description\":\"\",\"potentialAction\":[{\"@type\":\"SearchAction\",\"target\":{\"@type\":\"EntryPoint\",\"urlTemplate\":\"https:\/\/marie-morin.fr\/?s={search_term_string}\"},\"query-input\":{\"@type\":\"PropertyValueSpecification\",\"valueRequired\":true,\"valueName\":\"search_term_string\"}}],\"inLanguage\":\"en-US\"}]}<\/script>\n<!-- \/ Yoast SEO plugin. -->","yoast_head_json":{"title":"Know-How - Marie Morin","description":"Le savoir-faire artisanal de Marie Morin : liste d'ingr\u00e9dients courte, respect des produits et un esprit cr\u00e9atif. Pour une cuisine simple, intemporelle et de qualit\u00e9.","robots":{"index":"index","follow":"follow","max-snippet":"max-snippet:-1","max-image-preview":"max-image-preview:large","max-video-preview":"max-video-preview:-1"},"canonical":"https:\/\/marie-morin.fr\/en\/notre-savoir-faire\/","og_locale":"en_US","og_type":"article","og_title":"Know-How - Marie Morin","og_description":"Le savoir-faire artisanal de Marie Morin : liste d'ingr\u00e9dients courte, respect des produits et un esprit cr\u00e9atif. Pour une cuisine simple, intemporelle et de qualit\u00e9.","og_url":"https:\/\/marie-morin.fr\/en\/notre-savoir-faire\/","og_site_name":"Marie Morin","article_modified_time":"2024-07-11T14:52:32+00:00","twitter_card":"summary_large_image","schema":{"@context":"https:\/\/schema.org","@graph":[{"@type":"WebPage","@id":"https:\/\/marie-morin.fr\/en\/notre-savoir-faire\/","url":"https:\/\/marie-morin.fr\/en\/notre-savoir-faire\/","name":"Know-How - Marie Morin","isPartOf":{"@id":"https:\/\/marie-morin.fr\/#website"},"datePublished":"2020-06-09T12:37:49+00:00","dateModified":"2024-07-11T14:52:32+00:00","description":"Le savoir-faire artisanal de Marie Morin : liste d'ingr\u00e9dients courte, respect des produits et un esprit cr\u00e9atif. Pour une cuisine simple, intemporelle et de qualit\u00e9.","breadcrumb":{"@id":"https:\/\/marie-morin.fr\/en\/notre-savoir-faire\/#breadcrumb"},"inLanguage":"en-US","potentialAction":[{"@type":"ReadAction","target":["https:\/\/marie-morin.fr\/en\/notre-savoir-faire\/"]}]},{"@type":"BreadcrumbList","@id":"https:\/\/marie-morin.fr\/en\/notre-savoir-faire\/#breadcrumb","itemListElement":[{"@type":"ListItem","position":1,"name":"Home","item":"https:\/\/marie-morin.fr\/en\/"},{"@type":"ListItem","position":2,"name":"Know-How"}]},{"@type":"WebSite","@id":"https:\/\/marie-morin.fr\/#website","url":"https:\/\/marie-morin.fr\/","name":"Marie Morin","description":"","potentialAction":[{"@type":"SearchAction","target":{"@type":"EntryPoint","urlTemplate":"https:\/\/marie-morin.fr\/?s={search_term_string}"},"query-input":{"@type":"PropertyValueSpecification","valueRequired":true,"valueName":"search_term_string"}}],"inLanguage":"en-US"}]}},"_links":{"self":[{"href":"https:\/\/marie-morin.fr\/en\/wp-json\/wp\/v2\/pages\/2947","targetHints":{"allow":["GET"]}}],"collection":[{"href":"https:\/\/marie-morin.fr\/en\/wp-json\/wp\/v2\/pages"}],"about":[{"href":"https:\/\/marie-morin.fr\/en\/wp-json\/wp\/v2\/types\/page"}],"author":[{"embeddable":true,"href":"https:\/\/marie-morin.fr\/en\/wp-json\/wp\/v2\/users\/1"}],"replies":[{"embeddable":true,"href":"https:\/\/marie-morin.fr\/en\/wp-json\/wp\/v2\/comments?post=2947"}],"version-history":[{"count":35,"href":"https:\/\/marie-morin.fr\/en\/wp-json\/wp\/v2\/pages\/2947\/revisions"}],"predecessor-version":[{"id":4163,"href":"https:\/\/marie-morin.fr\/en\/wp-json\/wp\/v2\/pages\/2947\/revisions\/4163"}],"wp:attachment":[{"href":"https:\/\/marie-morin.fr\/en\/wp-json\/wp\/v2\/media?parent=2947"}],"curies":[{"name":"wp","href":"https:\/\/api.w.org\/{rel}","templated":true}]}}