{"id":2891,"date":"2019-02-20T18:07:53","date_gmt":"2019-02-20T17:07:53","guid":{"rendered":"https:\/\/marie-morin.fr\/contact\/"},"modified":"2025-01-21T11:08:01","modified_gmt":"2025-01-21T10:08:01","slug":"contact","status":"publish","type":"page","link":"https:\/\/marie-morin.fr\/en\/contact\/","title":{"rendered":"Contact us"},"content":{"rendered":"<p>https:\/\/nousrejoindre.marie-morin.fr<\/p>\n<p>&nbsp;<\/p>\n","protected":false},"excerpt":{"rendered":"<p>https:\/\/nousrejoindre.marie-morin.fr &nbsp;<\/p>\n","protected":false},"author":1,"featured_media":0,"parent":0,"menu_order":0,"comment_status":"closed","ping_status":"closed","template":"templates\/contact.php","meta":{"_acf_changed":false,"footnotes":""},"class_list":["post-2891","page","type-page","status-publish","hentry"],"acf":[],"yoast_head":"<!-- This site is optimized with the Yoast SEO plugin v27.2 - https:\/\/yoast.com\/product\/yoast-seo-wordpress\/ -->\n<title>Contact us - Marie Morin<\/title>\n<meta name=\"description\" content=\"Vous ne trouvez pas la r\u00e9ponse \u00e0 votre question dans nos Question fr\u00e9quentes ? N&#039;h\u00e9sitez pas \u00e0 nous \u00e9crire, nous sommes \u00e0 votre \u00e9coute.\" \/>\n<meta name=\"robots\" content=\"index, follow, max-snippet:-1, max-image-preview:large, max-video-preview:-1\" \/>\n<link rel=\"canonical\" href=\"https:\/\/marie-morin.fr\/en\/contact\/\" \/>\n<meta property=\"og:locale\" content=\"en_US\" \/>\n<meta property=\"og:type\" content=\"article\" \/>\n<meta property=\"og:title\" content=\"Contact us - Marie Morin\" \/>\n<meta property=\"og:description\" content=\"Vous ne trouvez pas la r\u00e9ponse \u00e0 votre question dans nos Question fr\u00e9quentes ? N&#039;h\u00e9sitez pas \u00e0 nous \u00e9crire, nous sommes \u00e0 votre \u00e9coute.\" \/>\n<meta property=\"og:url\" content=\"https:\/\/marie-morin.fr\/en\/contact\/\" \/>\n<meta property=\"og:site_name\" content=\"Marie Morin\" \/>\n<meta property=\"article:modified_time\" content=\"2025-01-21T10:08:01+00:00\" \/>\n<meta name=\"twitter:card\" content=\"summary_large_image\" \/>\n<meta name=\"twitter:label1\" content=\"Est. reading time\" \/>\n\t<meta name=\"twitter:data1\" content=\"1 minute\" \/>\n<script type=\"application\/ld+json\" class=\"yoast-schema-graph\">{\"@context\":\"https:\/\/schema.org\",\"@graph\":[{\"@type\":\"WebPage\",\"@id\":\"https:\/\/marie-morin.fr\/en\/contact\/\",\"url\":\"https:\/\/marie-morin.fr\/en\/contact\/\",\"name\":\"Contact us - Marie Morin\",\"isPartOf\":{\"@id\":\"https:\/\/marie-morin.fr\/#website\"},\"datePublished\":\"2019-02-20T17:07:53+00:00\",\"dateModified\":\"2025-01-21T10:08:01+00:00\",\"description\":\"Vous ne trouvez pas la r\u00e9ponse \u00e0 votre question dans nos Question fr\u00e9quentes ? N'h\u00e9sitez pas \u00e0 nous \u00e9crire, nous sommes \u00e0 votre \u00e9coute.\",\"breadcrumb\":{\"@id\":\"https:\/\/marie-morin.fr\/en\/contact\/#breadcrumb\"},\"inLanguage\":\"en-US\",\"potentialAction\":[{\"@type\":\"ReadAction\",\"target\":[\"https:\/\/marie-morin.fr\/en\/contact\/\"]}]},{\"@type\":\"BreadcrumbList\",\"@id\":\"https:\/\/marie-morin.fr\/en\/contact\/#breadcrumb\",\"itemListElement\":[{\"@type\":\"ListItem\",\"position\":1,\"name\":\"Home\",\"item\":\"https:\/\/marie-morin.fr\/en\/\"},{\"@type\":\"ListItem\",\"position\":2,\"name\":\"Contact us\"}]},{\"@type\":\"WebSite\",\"@id\":\"https:\/\/marie-morin.fr\/#website\",\"url\":\"https:\/\/marie-morin.fr\/\",\"name\":\"Marie Morin\",\"description\":\"\",\"potentialAction\":[{\"@type\":\"SearchAction\",\"target\":{\"@type\":\"EntryPoint\",\"urlTemplate\":\"https:\/\/marie-morin.fr\/?s={search_term_string}\"},\"query-input\":{\"@type\":\"PropertyValueSpecification\",\"valueRequired\":true,\"valueName\":\"search_term_string\"}}],\"inLanguage\":\"en-US\"}]}<\/script>\n<!-- \/ Yoast SEO plugin. -->","yoast_head_json":{"title":"Contact us - Marie Morin","description":"Vous ne trouvez pas la r\u00e9ponse \u00e0 votre question dans nos Question fr\u00e9quentes ? N'h\u00e9sitez pas \u00e0 nous \u00e9crire, nous sommes \u00e0 votre \u00e9coute.","robots":{"index":"index","follow":"follow","max-snippet":"max-snippet:-1","max-image-preview":"max-image-preview:large","max-video-preview":"max-video-preview:-1"},"canonical":"https:\/\/marie-morin.fr\/en\/contact\/","og_locale":"en_US","og_type":"article","og_title":"Contact us - Marie Morin","og_description":"Vous ne trouvez pas la r\u00e9ponse \u00e0 votre question dans nos Question fr\u00e9quentes ? N'h\u00e9sitez pas \u00e0 nous \u00e9crire, nous sommes \u00e0 votre \u00e9coute.","og_url":"https:\/\/marie-morin.fr\/en\/contact\/","og_site_name":"Marie Morin","article_modified_time":"2025-01-21T10:08:01+00:00","twitter_card":"summary_large_image","twitter_misc":{"Est. reading time":"1 minute"},"schema":{"@context":"https:\/\/schema.org","@graph":[{"@type":"WebPage","@id":"https:\/\/marie-morin.fr\/en\/contact\/","url":"https:\/\/marie-morin.fr\/en\/contact\/","name":"Contact us - Marie Morin","isPartOf":{"@id":"https:\/\/marie-morin.fr\/#website"},"datePublished":"2019-02-20T17:07:53+00:00","dateModified":"2025-01-21T10:08:01+00:00","description":"Vous ne trouvez pas la r\u00e9ponse \u00e0 votre question dans nos Question fr\u00e9quentes ? N'h\u00e9sitez pas \u00e0 nous \u00e9crire, nous sommes \u00e0 votre \u00e9coute.","breadcrumb":{"@id":"https:\/\/marie-morin.fr\/en\/contact\/#breadcrumb"},"inLanguage":"en-US","potentialAction":[{"@type":"ReadAction","target":["https:\/\/marie-morin.fr\/en\/contact\/"]}]},{"@type":"BreadcrumbList","@id":"https:\/\/marie-morin.fr\/en\/contact\/#breadcrumb","itemListElement":[{"@type":"ListItem","position":1,"name":"Home","item":"https:\/\/marie-morin.fr\/en\/"},{"@type":"ListItem","position":2,"name":"Contact us"}]},{"@type":"WebSite","@id":"https:\/\/marie-morin.fr\/#website","url":"https:\/\/marie-morin.fr\/","name":"Marie Morin","description":"","potentialAction":[{"@type":"SearchAction","target":{"@type":"EntryPoint","urlTemplate":"https:\/\/marie-morin.fr\/?s={search_term_string}"},"query-input":{"@type":"PropertyValueSpecification","valueRequired":true,"valueName":"search_term_string"}}],"inLanguage":"en-US"}]}},"_links":{"self":[{"href":"https:\/\/marie-morin.fr\/en\/wp-json\/wp\/v2\/pages\/2891","targetHints":{"allow":["GET"]}}],"collection":[{"href":"https:\/\/marie-morin.fr\/en\/wp-json\/wp\/v2\/pages"}],"about":[{"href":"https:\/\/marie-morin.fr\/en\/wp-json\/wp\/v2\/types\/page"}],"author":[{"embeddable":true,"href":"https:\/\/marie-morin.fr\/en\/wp-json\/wp\/v2\/users\/1"}],"replies":[{"embeddable":true,"href":"https:\/\/marie-morin.fr\/en\/wp-json\/wp\/v2\/comments?post=2891"}],"version-history":[{"count":12,"href":"https:\/\/marie-morin.fr\/en\/wp-json\/wp\/v2\/pages\/2891\/revisions"}],"predecessor-version":[{"id":4496,"href":"https:\/\/marie-morin.fr\/en\/wp-json\/wp\/v2\/pages\/2891\/revisions\/4496"}],"wp:attachment":[{"href":"https:\/\/marie-morin.fr\/en\/wp-json\/wp\/v2\/media?parent=2891"}],"curies":[{"name":"wp","href":"https:\/\/api.w.org\/{rel}","templated":true}]}}